{"id":71,"date":"2018-04-10T22:30:26","date_gmt":"2018-04-10T20:30:26","guid":{"rendered":"http:\/\/soderstorf.de\/MTV\/wp\/?page_id=71"},"modified":"2023-08-29T21:44:51","modified_gmt":"2023-08-29T19:44:51","slug":"tischtennis","status":"publish","type":"page","link":"https:\/\/soderstorf.de\/MTV\/wp\/angebote\/tischtennis\/","title":{"rendered":"Tischtennis"},"content":{"rendered":"<p><img loading=\"lazy\" decoding=\"async\" class=\"alignnone wp-image-27 size-full\" src=\"http:\/\/soderstorf.de\/MTV\/wp\/wp-content\/uploads\/2018\/04\/Tischtennis.jpg\" alt=\"\" width=\"2560\" height=\"637\" srcset=\"https:\/\/soderstorf.de\/MTV\/wp\/wp-content\/uploads\/2018\/04\/Tischtennis.jpg 2560w, https:\/\/soderstorf.de\/MTV\/wp\/wp-content\/uploads\/2018\/04\/Tischtennis-300x75.jpg 300w, https:\/\/soderstorf.de\/MTV\/wp\/wp-content\/uploads\/2018\/04\/Tischtennis-768x191.jpg 768w, https:\/\/soderstorf.de\/MTV\/wp\/wp-content\/uploads\/2018\/04\/Tischtennis-644x160.jpg 644w\" sizes=\"auto, (max-width: 2560px) 100vw, 2560px\" \/><\/p>\n<p>Unsere Tischtennissparte wird geleitet von Thomas Heidenreich.<\/p>\n<p>Trainingszeiten sind immer <span class=\"fs24 ff1 cf4\">mittwochs von 17:00 &#8211; 19:00 Uhr f\u00fcr Kinder und Jugendliche.<br \/>\nDie Damen und Herren trainieren im Anschluss von 19:00 &#8211; 21:00 Uhr.<br \/>\n<\/span><\/p>\n<p>Au\u00dferdem finden regelm\u00e4\u00dfig Punktspiele statt. Unsere Herrenmannschaften spielen derzeit auf Kreisebene in unterschiedlichen Leistungsklassen. Im Jugendbereich freuen sich unsere Jugendtrainer Pierre und Burkhard \u00fcber Verst\u00e4rkung!<\/p>\n<p>N\u00e4here Infos erhaltet Ihr unter 0173-6255403.<\/p>\n","protected":false},"excerpt":{"rendered":"<p>Unsere Tischtennissparte wird geleitet von Thomas Heidenreich. Trainingszeiten sind immer mittwochs von 17:00 &#8211; 19:00 Uhr f\u00fcr Kinder und Jugendliche. Die Damen und Herren trainieren im Anschluss von 19:00 &#8211; 21:00 Uhr. Au\u00dferdem finden regelm\u00e4\u00dfig Punktspiele statt. Unsere Herrenmannschaften spielen derzeit auf Kreisebene in unterschiedlichen Leistungsklassen. Im Jugendbereich freuen sich<\/p>\n","protected":false},"author":2,"featured_media":0,"parent":43,"menu_order":0,"comment_status":"closed","ping_status":"closed","template":"template-centered.php","meta":{"footnotes":""},"class_list":["post-71","page","type-page","status-publish","hentry"],"_links":{"self":[{"href":"https:\/\/soderstorf.de\/MTV\/wp\/wp-json\/wp\/v2\/pages\/71","targetHints":{"allow":["GET"]}}],"collection":[{"href":"https:\/\/soderstorf.de\/MTV\/wp\/wp-json\/wp\/v2\/pages"}],"about":[{"href":"https:\/\/soderstorf.de\/MTV\/wp\/wp-json\/wp\/v2\/types\/page"}],"author":[{"embeddable":true,"href":"https:\/\/soderstorf.de\/MTV\/wp\/wp-json\/wp\/v2\/users\/2"}],"replies":[{"embeddable":true,"href":"https:\/\/soderstorf.de\/MTV\/wp\/wp-json\/wp\/v2\/comments?post=71"}],"version-history":[{"count":5,"href":"https:\/\/soderstorf.de\/MTV\/wp\/wp-json\/wp\/v2\/pages\/71\/revisions"}],"predecessor-version":[{"id":478,"href":"https:\/\/soderstorf.de\/MTV\/wp\/wp-json\/wp\/v2\/pages\/71\/revisions\/478"}],"up":[{"embeddable":true,"href":"https:\/\/soderstorf.de\/MTV\/wp\/wp-json\/wp\/v2\/pages\/43"}],"wp:attachment":[{"href":"https:\/\/soderstorf.de\/MTV\/wp\/wp-json\/wp\/v2\/media?parent=71"}],"curies":[{"name":"wp","href":"https:\/\/api.w.org\/{rel}","templated":true}]}}